{"id":382,"date":"2023-06-19T13:38:19","date_gmt":"2023-06-19T11:38:19","guid":{"rendered":"https:\/\/idanimo.shop\/?page_id=382"},"modified":"2023-06-19T16:03:20","modified_gmt":"2023-06-19T14:03:20","slug":"presse","status":"publish","type":"page","link":"https:\/\/mistralinterieur.com\/?page_id=382","title":{"rendered":"Presse"},"content":{"rendered":"\t\t<div data-elementor-type=\"wp-page\" data-elementor-id=\"382\" class=\"elementor elementor-382\">\n\t\t\t\t\t\t\t<div class=\"elementor-element elementor-element-0c3e1a5 e-con-boxed e-flex e-con\" data-id=\"0c3e1a5\" data-element_type=\"container\" data-settings=\"{&quot;content_width&quot;:&quot;boxed&quot;}\">\n\t\t\t\t\t<div class=\"e-con-inner\">\n\t\t\t\t<div class=\"elementor-element elementor-element-ec0e4ee elementor-widget elementor-widget-eael-post-timeline\" data-id=\"ec0e4ee\" data-element_type=\"widget\" data-widget_type=\"eael-post-timeline.default\">\n\t\t\t\t<div class=\"elementor-widget-container\">\n\t\t\t<div id=\"eael-post-timeline-ec0e4ee\" class=\"eael-post-timeline timeline-layout-default eael-post-timeline-arrow-\">\n            <div class=\"eael-post-timeline eael-post-appender eael-post-appender-ec0e4ee\"><article class=\"eael-timeline-post eael-timeline-column\">\n    <div class=\"eael-timeline-bullet\"><\/div>\n    <div class=\"eael-timeline-post-inner\">\n        <a class=\"eael-timeline-post-link\" href=\"https:\/\/mistralinterieur.com\/?p=823\" title=\"\u041a\u0430\u043a \u0440\u0430\u0431\u043e\u0442\u0430\u0435\u0442 \u043f\u0440\u043e\u0446\u0435\u0434\u0443\u0440\u0430 \u0440\u0430\u0437\u0431\u043b\u043e\u043a\u0438\u0440\u043e\u0432\u043a\u0438 \u0441\u0447\u0435\u0442\u0430 \u0447\u0435\u0440\u0435\u0437 \u043f\u043e\u0434\u0434\u0435\u0440\u0436\u043a\u0443: \u041f\u043e\u043b\u043d\u043e\u0435 \u0440\u0443\u043a\u043e\u0432\u043e\u0434\u0441\u0442\u0432\u043e\">\n            <time datetime=\"9 April 2026\">9 April 2026<\/time>\n            <div class=\"eael-timeline-post-image attachment-medium size-medium\" style=\"background-image: url();\"><\/div><div class=\"eael-timeline-post-excerpt\"><p>\u041a\u0430\u043a \u0440\u0430\u0431\u043e\u0442\u0430\u0435\u0442 \u043f\u0440\u043e\u0446\u0435\u0434\u0443\u0440\u0430 \u0440\u0430\u0437\u0431\u043b\u043e\u043a\u0438\u0440\u043e\u0432\u043a\u0438 \u0441\u0447\u0435\u0442\u0430 \u0447\u0435\u0440\u0435\u0437 \u043f\u043e\u0434\u0434\u0435\u0440\u0436\u043a\u0443: \u041f\u043e\u043b\u043d\u043e\u0435 \u0440\u0443\u043a\u043e\u0432\u043e\u0434\u0441\u0442\u0432\u043e \u041f\u0440\u0438\u0447\u0438\u043d\u044b...<\/p><\/div><div class=\"eael-timeline-post-title\">\n                    <h2 class=\"eael-timeline-post-title-text\">\u041a\u0430\u043a \u0440\u0430\u0431\u043e\u0442\u0430\u0435\u0442 \u043f\u0440\u043e\u0446\u0435\u0434\u0443\u0440\u0430 \u0440\u0430\u0437\u0431\u043b\u043e\u043a\u0438\u0440\u043e\u0432\u043a\u0438 \u0441\u0447\u0435\u0442\u0430 \u0447\u0435\u0440\u0435\u0437 \u043f\u043e\u0434\u0434\u0435\u0440\u0436\u043a\u0443: \u041f\u043e\u043b\u043d\u043e\u0435 \u0440\u0443\u043a\u043e\u0432\u043e\u0434\u0441\u0442\u0432\u043e<\/h2>\n                <\/div><\/a>\n    <\/div>\n<\/article><article class=\"eael-timeline-post eael-timeline-column\">\n    <div class=\"eael-timeline-bullet\"><\/div>\n    <div class=\"eael-timeline-post-inner\">\n        <a class=\"eael-timeline-post-link\" href=\"https:\/\/mistralinterieur.com\/?p=814\" title=\"\u041b\u0443\u0447\u0448\u0438\u0435 \u043e\u043d\u043b\u0430\u0439\u043d-\u043a\u0430\u0437\u0438\u043d\u043e \u0434\u043b\u044f \u0445\u0430\u0439\u0440\u043e\u043b\u043b\u0435\u0440\u043e\u0432 \u0441 \u0432\u044b\u0441\u043e\u043a\u0438\u043c\u0438 \u0441\u0442\u0430\u0432\u043a\u0430\u043c\u0438\">\n            <time datetime=\"2 April 2026\">2 April 2026<\/time>\n            <div class=\"eael-timeline-post-image attachment-medium size-medium\" style=\"background-image: url();\"><\/div><div class=\"eael-timeline-post-excerpt\"><p>\u041b\u0443\u0447\u0448\u0438\u0435 \u043e\u043d\u043b\u0430\u0439\u043d-\u043a\u0430\u0437\u0438\u043d\u043e \u0434\u043b\u044f \u0445\u0430\u0439\u0440\u043e\u043b\u043b\u0435\u0440\u043e\u0432 \u0441 \u0432\u044b\u0441\u043e\u043a\u0438\u043c\u0438 \u0441\u0442\u0430\u0432\u043a\u0430\u043c\u0438 \u041e\u043d\u043b\u0430\u0439\u043d-\u043a\u0430\u0437\u0438\u043d\u043e \u0434\u043b\u044f \u0445\u0430\u0439\u0440\u043e\u043b\u043b\u0435\u0440\u043e\u0432...<\/p><\/div><div class=\"eael-timeline-post-title\">\n                    <h2 class=\"eael-timeline-post-title-text\">\u041b\u0443\u0447\u0448\u0438\u0435 \u043e\u043d\u043b\u0430\u0439\u043d-\u043a\u0430\u0437\u0438\u043d\u043e \u0434\u043b\u044f \u0445\u0430\u0439\u0440\u043e\u043b\u043b\u0435\u0440\u043e\u0432 \u0441 \u0432\u044b\u0441\u043e\u043a\u0438\u043c\u0438 \u0441\u0442\u0430\u0432\u043a\u0430\u043c\u0438<\/h2>\n                <\/div><\/a>\n    <\/div>\n<\/article><article class=\"eael-timeline-post eael-timeline-column\">\n    <div class=\"eael-timeline-bullet\"><\/div>\n    <div class=\"eael-timeline-post-inner\">\n        <a class=\"eael-timeline-post-link\" href=\"https:\/\/mistralinterieur.com\/?p=812\" title=\"Comment choisir une plateforme pour travailler en ligne avec des revenus \u00e9lev\u00e9s\">\n            <time datetime=\"1 April 2026\">1 April 2026<\/time>\n            <div class=\"eael-timeline-post-image attachment-medium size-medium\" style=\"background-image: url();\"><\/div><div class=\"eael-timeline-post-excerpt\"><p>Comment choisir une plateforme pour travailler en ligne avec des...<\/p><\/div><div class=\"eael-timeline-post-title\">\n                    <h2 class=\"eael-timeline-post-title-text\">Comment choisir une plateforme pour travailler en ligne avec des revenus \u00e9lev\u00e9s<\/h2>\n                <\/div><\/a>\n    <\/div>\n<\/article><article class=\"eael-timeline-post eael-timeline-column\">\n    <div class=\"eael-timeline-bullet\"><\/div>\n    <div class=\"eael-timeline-post-inner\">\n        <a class=\"eael-timeline-post-link\" href=\"https:\/\/mistralinterieur.com\/?p=810\" title=\"Paribahis Anl\u0131k Ba\u011flant\u0131 Rehberi: Kesintisiz Oyun Keyfinin Anahtar\u0131 Elinizde!\">\n            <time datetime=\"23 March 2026\">23 March 2026<\/time>\n            <div class=\"eael-timeline-post-image attachment-medium size-medium\" style=\"background-image: url();\"><\/div><div class=\"eael-timeline-post-excerpt\"><p>Paribahis Anl\u0131k Ba\u011flant\u0131 Rehberi: Kesintisiz Oyun Keyfinin Anahtar\u0131 Elinizde! Paribahis...<\/p><\/div><div class=\"eael-timeline-post-title\">\n                    <h2 class=\"eael-timeline-post-title-text\">Paribahis Anl\u0131k Ba\u011flant\u0131 Rehberi: Kesintisiz Oyun Keyfinin Anahtar\u0131 Elinizde!<\/h2>\n                <\/div><\/a>\n    <\/div>\n<\/article><\/div>\n\t\t<\/div>            <div class=\"eael-load-more-button-wrap eael-force-hide\">\n                <button class=\"eael-load-more-button\" id=\"eael-load-more-btn-ec0e4ee\" data-widget-id=\"ec0e4ee\" data-widget=\"ec0e4ee\" data-page-id=\"382\" data-nonce=\"7c2be53ca8\" data-template=\"{&quot;dir&quot;:&quot;lite&quot;,&quot;file_name&quot;:&quot;default.php&quot;,&quot;name&quot;:&quot;Post-Timeline&quot;}\" data-class=\"Essential_Addons_Elementor\\Elements\\Post_Timeline\" data-layout=\"\" data-page=\"1\" data-args=\"orderby=date&amp;order=desc&amp;ignore_sticky_posts=1&amp;post_status=publish&amp;posts_per_page=4&amp;offset=0&amp;post_type=post\" data-max-page=\"2\">\n                    <div class=\"eael-btn-loader button__loader\"><\/div>\n                    <span><\/span>\n                <\/button>\n            <\/div>\n        \t\t<\/div>\n\t\t\t\t<\/div>\n\t\t\t\t\t<\/div>\n\t\t\t\t<\/div>\n\t\t\t\t\t\t\t<\/div>\n\t\t","protected":false},"excerpt":{"rendered":"<p>29 mai 2023 Le Buddha-Bar est devenu le lieu de pr\u00c3\u00a9dilection pour celles&#8230; Le Buddha-Bar, l\u00e2\u20ac\u2122adresse trendy de Pointe-Noire 29 mai 2023 BrazzaMag vous propose d\u00e2\u20ac\u2122aller \u00c3\u00a0 la rencontre des femmes du&#8230; \u00e2\u20ac\u0153Femmes d\u00e2\u20ac\u2122exceptions\u00e2\u20ac\u009d \u00e2\u20ac\u201c Rencontre avec Nadine Ngolo 29 mai 2023 Introduction Avoir un salon confortable et lgant est un lment&#8230; Conseils d&rsquo;amnagement pour votre salon : comment transformer&hellip;<\/p>\n","protected":false},"author":1,"featured_media":0,"parent":0,"menu_order":0,"comment_status":"closed","ping_status":"closed","template":"elementor_theme","meta":{"om_disable_all_campaigns":false,"footnotes":""},"class_list":["post-382","page","type-page","status-publish","hentry"],"aioseo_notices":[],"_links":{"self":[{"href":"https:\/\/mistralinterieur.com\/index.php?rest_route=\/wp\/v2\/pages\/382","targetHints":{"allow":["GET"]}}],"collection":[{"href":"https:\/\/mistralinterieur.com\/index.php?rest_route=\/wp\/v2\/pages"}],"about":[{"href":"https:\/\/mistralinterieur.com\/index.php?rest_route=\/wp\/v2\/types\/page"}],"author":[{"embeddable":true,"href":"https:\/\/mistralinterieur.com\/index.php?rest_route=\/wp\/v2\/users\/1"}],"replies":[{"embeddable":true,"href":"https:\/\/mistralinterieur.com\/index.php?rest_route=%2Fwp%2Fv2%2Fcomments&post=382"}],"version-history":[{"count":10,"href":"https:\/\/mistralinterieur.com\/index.php?rest_route=\/wp\/v2\/pages\/382\/revisions"}],"predecessor-version":[{"id":407,"href":"https:\/\/mistralinterieur.com\/index.php?rest_route=\/wp\/v2\/pages\/382\/revisions\/407"}],"wp:attachment":[{"href":"https:\/\/mistralinterieur.com\/index.php?rest_route=%2Fwp%2Fv2%2Fmedia&parent=382"}],"curies":[{"name":"wp","href":"https:\/\/api.w.org\/{rel}","templated":true}]}}